{"id":3358,"date":"2016-06-14T03:00:45","date_gmt":"2016-06-14T03:00:45","guid":{"rendered":"https:\/\/bha.gyszinetar.hu\/home-page-2\/"},"modified":"2025-03-22T21:09:24","modified_gmt":"2025-03-22T21:09:24","slug":"home-page-2","status":"publish","type":"page","link":"https:\/\/budapestharmonyapartments.com\/de\/","title":{"rendered":"Home"},"content":{"rendered":"<p>[vc_row rt_row_background_width=&#8220;fullwidth&#8220; rt_row_content_width=&#8220;fullwidth&#8220; rt_row_style=&#8220;default-style&#8220; rt_row_height=&#8220;&#8220; rt_row_borders=&#8220;&#8220; rt_row_shadows=&#8220;&#8220; rt_column_gaps=&#8220;&#8220; rt_row_paddings=&#8220;false&#8220; rt_bg_effect=&#8220;classic&#8220; rt_transparent_bg=&#8220;&#8220; rt_bg_image_repeat=&#8220;repeat&#8220; rt_bg_size=&#8220;cover&#8220; rt_bg_position=&#8220;right top&#8220; rt_bg_attachment=&#8220;scroll&#8220; rt_bg_video_format=&#8220;self-hosted&#8220;][vc_column rt_col_paddings=&#8220;true&#8220; rt_wrp_col_paddings=&#8220;false&#8220; rt_column_shadow=&#8220;&#8220; rt_border_top=&#8220;&#8220; rt_border_bottom=&#8220;&#8220; rt_border_left=&#8220;&#8220; rt_border_right=&#8220;&#8220; rt_border_top_mobile=&#8220;&#8220; rt_border_bottom_mobile=&#8220;&#8220; rt_border_left_mobile=&#8220;&#8220; rt_border_right_mobile=&#8220;&#8220; rt_bg_image_repeat=&#8220;repeat&#8220; rt_bg_size=&#8220;auto auto&#8220; rt_bg_position=&#8220;right top&#8220; rt_bg_attachment=&#8220;scroll&#8220; rt_bg_color=&#8220;&#8220; rt_bg_overlay_color=&#8220;&#8220; rt_padding_top=&#8220;0&#8243; rt_padding_bottom=&#8220;40&#8243; rt_padding_left=&#8220;0&#8243; rt_padding_right=&#8220;0&#8243;]\n\t\t\t\t<p class=\"rs-p-wp-fix\"><\/p>\n\t\t\t\t<sr7-module data-alias=\"nixe-sample-slider\" data-id=\"2\" id=\"SR7_2_1\" class=\"rs-ov-hidden\" data-version=\"6.7.28\">\n\t\t\t\t\t<sr7-adjuster><\/sr7-adjuster>\n\t\t\t\t\t<sr7-content>\n\t\t\t\t\t\t<sr7-slide id=\"SR7_2_1-3\" data-key=\"3\">\n\t\t\t\t\t\t\t<sr7-bg id=\"SR7_2_1-3-4\" class=\"sr7-layer\"><noscript><img decoding=\"async\" src=\"https:\/\/budapestharmonyapartments.com\/wp-content\/uploads\/2025\/03\/Depositphotos_339833466_XL-scaled.jpg\" alt=\"\" title=\"Depositphotos_339833466_XL\"><\/noscript><\/sr7-bg>\n\t\t\t\t\t\t\t<sr7-txt id=\"SR7_2_1-3-3\" class=\"sr7-layer\">Budapest<\/sr7-txt>\n\t\t\t\t\t\t<\/sr7-slide>\n\t\t\t\t\t\t<sr7-slide id=\"SR7_2_1-4\" data-key=\"4\">\n\t\t\t\t\t\t\t<sr7-bg id=\"SR7_2_1-4-3\" class=\"sr7-layer\"><noscript><img decoding=\"async\" src=\"https:\/\/budapestharmonyapartments.com\/wp-content\/uploads\/2025\/03\/x4-25.jpg\" alt=\"\" title=\"x4-25\"><\/noscript><\/sr7-bg>\n\t\t\t\t\t\t\t<sr7-txt id=\"SR7_2_1-4-2\" class=\"sr7-layer\">Harmony\n<\/sr7-txt>\n\t\t\t\t\t\t<\/sr7-slide>\n\t\t\t\t\t\t<sr7-slide id=\"SR7_2_1-5\" data-key=\"5\">\n\t\t\t\t\t\t\t<sr7-bg id=\"SR7_2_1-5-3\" class=\"sr7-layer\"><noscript><img decoding=\"async\" src=\"https:\/\/budapestharmonyapartments.com\/wp-content\/uploads\/2025\/03\/x4-15.jpg\" alt=\"\" title=\"x4-15\"><\/noscript><\/sr7-bg>\n\t\t\t\t\t\t\t<sr7-txt id=\"SR7_2_1-5-2\" class=\"sr7-layer\">Apartments\n<\/sr7-txt>\n\t\t\t\t\t\t<\/sr7-slide>\n\t\t\t\t\t\t<sr7-slide id=\"SR7_2_1-6\" data-key=\"6\">\n\t\t\t\t\t\t<\/sr7-slide>\n\t\t\t\t\t<\/sr7-content>\n\t\t\t\t\t<image_lists style=\"display:none\">\n\t\t\t\t\t\t<img data-src=\"\/\/budapestharmonyapartments.com\/wp-content\/uploads\/2025\/03\/Depositphotos_339833466_XL-scaled.jpg\" data-libid=\"3731\" data-lib=\"medialibrary\" title=\"Depositphotos_339833466_XL\" width=\"0\" height=\"0\" data-dbsrc=\"Ly9idWRhcGVzdGhhcm1vbnlhcGFydG1lbnRzLmNvbS93cC1jb250ZW50L3VwbG9hZHMvMjAyNS8wMy9EZXBvc2l0cGhvdG9zXzMzOTgzMzQ2Nl9YTC1zY2FsZWQuanBn\"\/>\n\t\t\t\t\t\t<img data-src=\"\/\/budapestharmonyapartments.com\/wp-content\/uploads\/2025\/03\/x4-25.jpg\" data-libid=\"3567\" data-lib=\"medialibrary\" title=\"x4-25\" width=\"0\" height=\"0\" data-dbsrc=\"Ly9idWRhcGVzdGhhcm1vbnlhcGFydG1lbnRzLmNvbS93cC1jb250ZW50L3VwbG9hZHMvMjAyNS8wMy94NC0yNS5qcGc=\"\/>\n\t\t\t\t\t\t<img data-src=\"\/\/budapestharmonyapartments.com\/wp-content\/uploads\/2025\/03\/x4-15.jpg\" data-libid=\"3527\" data-lib=\"medialibrary\" title=\"x4-15\" width=\"0\" height=\"0\" data-dbsrc=\"Ly9idWRhcGVzdGhhcm1vbnlhcGFydG1lbnRzLmNvbS93cC1jb250ZW50L3VwbG9hZHMvMjAyNS8wMy94NC0xNS5qcGc=\"\/>\n\t\t\t\t\t<\/image_lists>\n\t\t\t\t<\/sr7-module>\n\t\t\t\t<script>\n\t\t\t\t\tSR7.PMH ??={}; SR7.PMH[\"SR7_2_1\"] = {cn:100,state:false,fn: function() { if (_tpt!==undefined && _tpt.prepareModuleHeight !== undefined) {  _tpt.prepareModuleHeight({id:\"SR7_2_1\",el:[868,868,868,960,720],type:'standard',shdw:'0',gh:[868,868,868,960,720],gw:[1080,1080,1080,778,480],vpt:['-100px&#039;,&#039;-100px&#039;,&#039;-100px&#039;,&#039;-100px&#039;,&#039;-100px'],size:{fullWidth:true, fullHeight:true},fho:'#wpadminbar, body:not(.overlapped-header) .top-header,60px',mh:'350',onh:0,onw:0,bg:{color:'{\"orig\":\"transparent\",\"type\":\"solid\",\"string\":\"transparent\"}'},plType:'2',plColor:'#FFFFFF'});   SR7.PMH[\"SR7_2_1\"].state=true;} else if(SR7.PMH[\"SR7_2_1\"].cn-->0)\tsetTimeout( SR7.PMH[\"SR7_2_1\"].fn,19);}};SR7.PMH[\"SR7_2_1\" ].fn();\n\t\t\t\t<\/script>\n[\/vc_column][\/vc_row][vc_row rt_row_background_width=&#8220;fullwidth&#8220; rt_row_content_width=&#8220;default&#8220; rt_row_style=&#8220;default-style&#8220; rt_row_height=&#8220;&#8220; rt_row_borders=&#8220;&#8220; rt_row_shadows=&#8220;&#8220; rt_column_view=&#8220;equal_heights&#8220; rt_column_gaps=&#8220;&#8220; rt_row_paddings=&#8220;false&#8220; rt_bg_effect=&#8220;classic&#8220; rt_transparent_bg=&#8220;&#8220; rt_bg_image_repeat=&#8220;repeat&#8220; rt_bg_size=&#8220;cover&#8220; rt_bg_position=&#8220;right top&#8220; rt_bg_attachment=&#8220;scroll&#8220; rt_bg_video_format=&#8220;self-hosted&#8220; rt_bg_color=&#8220;#FFFFFF&#8220;][vc_column rt_color_set=&#8220;alt-style-1&#8243; rt_col_paddings=&#8220;true&#8220; rt_wrp_col_paddings=&#8220;false&#8220; rt_column_shadow=&#8220;&#8220; rt_border_top=&#8220;&#8220; rt_border_bottom=&#8220;&#8220; rt_border_left=&#8220;&#8220; rt_border_right=&#8220;&#8220; rt_border_top_mobile=&#8220;&#8220; rt_border_bottom_mobile=&#8220;&#8220; rt_border_left_mobile=&#8220;&#8220; rt_border_right_mobile=&#8220;&#8220; stretch_background=&#8220;yes&#8220; rt_bg_image_repeat=&#8220;repeat&#8220; rt_bg_size=&#8220;auto auto&#8220; rt_bg_position=&#8220;right top&#8220; rt_bg_attachment=&#8220;scroll&#8220; rt_bg_color=&#8220;#44BBCC&#8220; rt_bg_overlay_color=&#8220;&#8220; rt_padding_top=&#8220;60&#8243; rt_padding_bottom=&#8220;60&#8243; offset=&#8220;vc_col-md-6&#8243;][vc_column_text css=&#8220;&#8220;]Willkommen in den <strong data-start=\"912\" data-end=\"943\">Budapest Harmony Apartments<\/strong>! Unser Unternehmen wurde 2015 gegr\u00fcndet, um unseren G\u00e4sten ein <strong data-start=\"1007\" data-end=\"1044\">erstklassiges Unterkunftserlebnis<\/strong> im Herzen von Budapest zu bieten.<\/p>\n<p>Wir sind stolz darauf, dass wir <strong data-start=\"1111\" data-end=\"1161\">2025 eine Bewertung von 9,5\/10 auf Booking.com<\/strong> erhalten haben, was die Zufriedenheit unserer G\u00e4ste widerspiegelt.<\/p>\n<p>Unser Portfolio umfasst <strong data-start=\"1253\" data-end=\"1296\">f\u00fcnf Apartments in verschiedenen Gr\u00f6\u00dfen<\/strong>, darunter <strong data-start=\"1307\" data-end=\"1336\">zwei luxuri\u00f6se Penth\u00e4user<\/strong>, die mit <strong data-start=\"1346\" data-end=\"1367\">Jacuzzi und Sauna<\/strong> ausgestattet sind. Alle Apartments sind <strong data-start=\"1408\" data-end=\"1424\">klimatisiert<\/strong>, verf\u00fcgen \u00fcber <strong data-start=\"1440\" data-end=\"1462\">Flachbildfernseher<\/strong> und bieten <strong data-start=\"1474\" data-end=\"1494\">kostenloses WLAN<\/strong>, um den G\u00e4sten maximalen Komfort zu gew\u00e4hrleisten.<\/p>\n<p>Auf Wunsch organisieren wir <strong data-start=\"1574\" data-end=\"1596\">Flughafentransfers<\/strong> und helfen gerne bei der Planung von <strong data-start=\"1634\" data-end=\"1665\">Budapest- und Landausfl\u00fcgen<\/strong>. Genie\u00dfen Sie die pulsierende Atmosph\u00e4re der Hauptstadt und entspannen Sie sich in einer einzigartigen Luxuseinrichtung! Wir freuen uns auf Ihren Besuch![\/vc_column_text][\/vc_column][vc_column rt_col_paddings=&#8220;true&#8220; rt_wrp_col_paddings=&#8220;false&#8220; rt_column_shadow=&#8220;&#8220; rt_border_top=&#8220;&#8220; rt_border_bottom=&#8220;&#8220; rt_border_left=&#8220;&#8220; rt_border_right=&#8220;&#8220; rt_border_top_mobile=&#8220;&#8220; rt_border_bottom_mobile=&#8220;&#8220; rt_border_left_mobile=&#8220;&#8220; rt_border_right_mobile=&#8220;&#8220; stretch_background=&#8220;yes&#8220; rt_bg_image_repeat=&#8220;repeat&#8220; rt_bg_size=&#8220;auto auto&#8220; rt_bg_position=&#8220;right top&#8220; rt_bg_attachment=&#8220;scroll&#8220; force_content_width=&#8220;yes&#8220; rt_padding_top=&#8220;60&#8243; rt_padding_bottom=&#8220;60&#8243; rt_bg_color=&#8220;#FFFFFF&#8220; rt_bg_overlay_color=&#8220;&#8220; offset=&#8220;vc_col-md-6&#8243;][vc_images_carousel images=&#8220;3656,3624,3500,3512,3926,3934,3922&#8243; img_size=&#8220;full&#8220; onclick=&#8220;link_no&#8220; speed=&#8220;3000&#8243; autoplay=&#8220;yes&#8220; hide_pagination_control=&#8220;yes&#8220; hide_prev_next_buttons=&#8220;yes&#8220; wrap=&#8220;yes&#8220; css=&#8220;&#8220;][\/vc_column][\/vc_row][vc_row rt_row_background_width=&#8220;fullwidth&#8220; rt_row_content_width=&#8220;default&#8220; rt_row_style=&#8220;default-style&#8220; rt_row_height=&#8220;&#8220; rt_row_borders=&#8220;&#8220; rt_row_shadows=&#8220;&#8220; rt_column_view=&#8220;equal_heights&#8220; rt_column_gaps=&#8220;&#8220; rt_row_paddings=&#8220;false&#8220; rt_bg_effect=&#8220;classic&#8220; rt_transparent_bg=&#8220;&#8220; rt_bg_image_repeat=&#8220;repeat&#8220; rt_bg_size=&#8220;cover&#8220; rt_bg_position=&#8220;right top&#8220; rt_bg_attachment=&#8220;scroll&#8220; rt_bg_video_format=&#8220;self-hosted&#8220; rt_bg_color=&#8220;#FFFFFF&#8220; class=&#8220;reverse-columns-mobile&#8220;][vc_column rt_col_paddings=&#8220;true&#8220; rt_wrp_col_paddings=&#8220;false&#8220; rt_column_shadow=&#8220;&#8220; rt_border_top=&#8220;&#8220; rt_border_bottom=&#8220;&#8220; rt_border_left=&#8220;&#8220; rt_border_right=&#8220;&#8220; rt_border_top_mobile=&#8220;&#8220; rt_border_bottom_mobile=&#8220;&#8220; rt_border_left_mobile=&#8220;&#8220; rt_border_right_mobile=&#8220;&#8220; rt_bg_image_repeat=&#8220;repeat&#8220; rt_bg_size=&#8220;auto auto&#8220; rt_bg_position=&#8220;right top&#8220; rt_bg_attachment=&#8220;scroll&#8220; rt_bg_color=&#8220;&#8220; rt_bg_overlay_color=&#8220;&#8220; rt_padding_top=&#8220;60&#8243; rt_padding_bottom=&#8220;60&#8243; offset=&#8220;vc_col-md-6&#8243;][vc_single_image image=&#8220;3559&#8243; img_size=&#8220;full&#8220; alignment=&#8220;center&#8220; css=&#8220;&#8220;][\/vc_column][vc_column rt_color_set=&#8220;alt-style-1&#8243; rt_col_paddings=&#8220;true&#8220; rt_wrp_col_paddings=&#8220;false&#8220; rt_column_shadow=&#8220;&#8220; rt_border_top=&#8220;&#8220; rt_border_bottom=&#8220;&#8220; rt_border_left=&#8220;&#8220; rt_border_right=&#8220;&#8220; rt_border_top_mobile=&#8220;&#8220; rt_border_bottom_mobile=&#8220;&#8220; rt_border_left_mobile=&#8220;&#8220; rt_border_right_mobile=&#8220;&#8220; stretch_background=&#8220;yes&#8220; rt_bg_image_repeat=&#8220;repeat&#8220; rt_bg_size=&#8220;auto auto&#8220; rt_bg_position=&#8220;right top&#8220; rt_bg_attachment=&#8220;scroll&#8220; force_content_width=&#8220;yes&#8220; rt_padding_top=&#8220;60&#8243; rt_padding_bottom=&#8220;60&#8243; rt_bg_color=&#8220;#44BBCC&#8220; rt_bg_overlay_color=&#8220;&#8220; offset=&#8220;vc_col-md-6&#8243;]<div class=\"rt_heading_wrapper no-style\">\n\t\t\t\t\t\t<h4 class=\"rt_heading  no-style\" >G\u00c4STEBUCH<\/h4> \n\t\t\t\t\t<\/div>[vc_separator style=&#8220;style-4&#8243; margin_top=&#8220;20&#8243; margin_bottom=&#8220;24&#8243;]\r\n\t\t\t\t<div id=\"testimonial-dynamicID-589635\" class=\"rt-carousel carousel-holder clearfix testimonial-carousel testimonials left rt_lightbox_gallery\" data-item-width=\"1\" data-nav=\"false\" data-dots=\"false\" data-margin=\"40\" data-autoplay=\"true\" data-timeout=\"4000\" data-thumbnails=\"false\" data-boxed=\"false\" data-min-height=\"\" data-padding=\"\" data-loop=\"false\" data-mobile-item-width=\"1\">\r\n\t\t\t\t\t<div class=\"owl-carousel\">\r\n\t\t\t\t\t\t<div><div class=\"testimonial item\">\n\n\n\n<div class=\"text \">\n\t\n\t<p><span class=\"icon-quote-left\"><\/span>Ich werde definitiv in diese Wohnung zur\u00fcckkehren, wenn ich wiederkomme. Sehr sauber und ein wunderbarer Ort, um diese sch\u00f6ne Stadt zu erleben.<span class=\"icon-quote-right\"><\/span><\/p>\n\t\n\n\t<div class=\"client_info\">\n\n\t\t\tLesa \n\t\t- <span>Vereinigtes K\u00f6nigreich<\/span>\t\t\n\t\t\t\t\t\n\t\t\n\n\t<\/div>\n<\/div><\/div>\n<\/div><div><div class=\"testimonial item\">\n\n\n\n<div class=\"text \">\n\t\n\t<p><span class=\"icon-quote-left\"><\/span>Saubere und gepflegte Unterkunft, nahe am Stadtzentrum und den \u00f6ffentlichen Verkehrsmitteln.<span class=\"icon-quote-right\"><\/span><\/p>\n\t\n\n\t<div class=\"client_info\">\n\n\t\t\tAdrien \n\t\t- <span>Schweiz<\/span>\t\t\n\t\t\t\t\t\n\t\t\n\n\t<\/div>\n<\/div><\/div>\n<\/div><div><div class=\"testimonial item\">\n\n\n\n<div class=\"text \">\n\t\n\t<p><span class=\"icon-quote-left\"><\/span>Perfekt gepflegte und ausgestattete, ger\u00e4umige Wohnung in einer erstklassigen Lage.<span class=\"icon-quote-right\"><\/span><\/p>\n\t\n\n\t<div class=\"client_info\">\n\n\t\t\tAndr\u00e1s \n\t\t- <span>Ungarn<\/span>\t\t\n\t\t\t\t\t\n\t\t\n\n\t<\/div>\n<\/div><\/div>\n<\/div><div><div class=\"testimonial item\">\n\n\n\n<div class=\"text \">\n\t\n\t<p><span class=\"icon-quote-left\"><\/span>Ausgezeichneter Gastgeber, freundlich und hilfsbereit. Sch\u00f6ne, ger\u00e4umige und saubere Apartments in einer gro\u00dfartigen, sicheren Lage, nahe am Stadtzentrum. Perfekt&#8230;<span class=\"icon-quote-right\"><\/span><\/p>\n\t\n\n\t<div class=\"client_info\">\n\n\t\t\tL\u00e1szl\u00f3 \n\t\t- <span>Tschechien<\/span>\t\t\n\t\t\t\t\t\n\t\t\n\n\t<\/div>\n<\/div><\/div>\n<\/div>\r\n\t\t\t\t\t<\/div>\r\n\t\t\t\t\t\r\n\t\t\t\t\t\r\n\t\t\t\t<\/div>\r\n\t\t\t[vc_empty_space height=&#8220;75px&#8220;]<div class=\"button_wrapper align hero\"><a  href=\"https:\/\/ibe.sabeeapp.com\/properties\/Budapest-Harmony-apartments-booking\/?p=bSp09a6264c0da71fe9\" target=\"_self\" title=\"Book\" class=\"button_  style-3 hero\"><span class=\"icon-line-calendar\"><\/span>JETZT BUCHEN<\/a><\/div>[\/vc_column][\/vc_row]<\/p>\n","protected":false},"excerpt":{"rendered":"<p>[vc_row rt_row_background_width=&#8220;fullwidth&#8220; rt_row_content_width=&#8220;fullwidth&#8220; rt_row_style=&#8220;default-style&#8220; rt_row_height=&#8220;&#8220; rt_row_borders=&#8220;&#8220; rt_row_shadows=&#8220;&#8220; rt_column_gaps=&#8220;&#8220; rt_row_paddings=&#8220;false&#8220; rt_bg_effect=&#8220;classic&#8220; rt_transparent_bg=&#8220;&#8220; rt_bg_image_repeat=&#8220;repeat&#8220; rt_bg_size=&#8220;cover&#8220; rt_bg_position=&#8220;right top&#8220; rt_bg_attachment=&#8220;scroll&#8220; rt_bg_video_format=&#8220;self-hosted&#8220;][vc_column rt_col_paddings=&#8220;true&#8220; rt_wrp_col_paddings=&#8220;false&#8220; rt_column_shadow=&#8220;&#8220; rt_border_top=&#8220;&#8220; rt_border_bottom=&#8220;&#8220; rt_border_left=&#8220;&#8220; rt_border_right=&#8220;&#8220; rt_border_top_mobile=&#8220;&#8220; rt_border_bottom_mobile=&#8220;&#8220; rt_border_left_mobile=&#8220;&#8220; rt_border_right_mobile=&#8220;&#8220; rt_bg_image_repeat=&#8220;repeat&#8220; rt_bg_size=&#8220;auto auto&#8220; rt_bg_position=&#8220;right top&#8220; rt_bg_attachment=&#8220;scroll&#8220; rt_bg_color=&#8220;&#8220; rt_bg_overlay_color=&#8220;&#8220; rt_padding_top=&#8220;0&#8243; rt_padding_bottom=&#8220;40&#8243; rt_padding_left=&#8220;0&#8243; rt_padding_right=&#8220;0&#8243;][\/vc_column][\/vc_row][vc_row rt_row_background_width=&#8220;fullwidth&#8220; rt_row_content_width=&#8220;default&#8220; rt_row_style=&#8220;default-style&#8220; rt_row_height=&#8220;&#8220; rt_row_borders=&#8220;&#8220; rt_row_shadows=&#8220;&#8220; rt_column_view=&#8220;equal_heights&#8220; rt_column_gaps=&#8220;&#8220; rt_row_paddings=&#8220;false&#8220; rt_bg_effect=&#8220;classic&#8220; rt_transparent_bg=&#8220;&#8220; rt_bg_image_repeat=&#8220;repeat&#8220; rt_bg_size=&#8220;cover&#8220; rt_bg_position=&#8220;right top&#8220; &#8230; <a class=\"more-link\" href=\"https:\/\/budapestharmonyapartments.com\/de\/testimonial\/testimonial-3\/\">Continue reading<\/a><\/p>\n","protected":false},"author":1,"featured_media":0,"parent":0,"menu_order":0,"comment_status":"closed","ping_status":"closed","template":"","meta":{"footnotes":""},"class_list":["post-3358","page","type-page","status-publish","hentry"],"_links":{"self":[{"href":"https:\/\/budapestharmonyapartments.com\/de\/wp-json\/wp\/v2\/pages\/3358","targetHints":{"allow":["GET"]}}],"collection":[{"href":"https:\/\/budapestharmonyapartments.com\/de\/wp-json\/wp\/v2\/pages"}],"about":[{"href":"https:\/\/budapestharmonyapartments.com\/de\/wp-json\/wp\/v2\/types\/page"}],"author":[{"embeddable":true,"href":"https:\/\/budapestharmonyapartments.com\/de\/wp-json\/wp\/v2\/users\/1"}],"replies":[{"embeddable":true,"href":"https:\/\/budapestharmonyapartments.com\/de\/wp-json\/wp\/v2\/comments?post=3358"}],"version-history":[{"count":9,"href":"https:\/\/budapestharmonyapartments.com\/de\/wp-json\/wp\/v2\/pages\/3358\/revisions"}],"predecessor-version":[{"id":3986,"href":"https:\/\/budapestharmonyapartments.com\/de\/wp-json\/wp\/v2\/pages\/3358\/revisions\/3986"}],"wp:attachment":[{"href":"https:\/\/budapestharmonyapartments.com\/de\/wp-json\/wp\/v2\/media?parent=3358"}],"curies":[{"name":"wp","href":"https:\/\/api.w.org\/{rel}","templated":true}]}}