{"id":3292,"date":"2016-06-16T09:39:25","date_gmt":"2016-06-16T09:39:25","guid":{"rendered":"https:\/\/bha.gyszinetar.hu\/our-rooms\/"},"modified":"2025-03-31T14:39:04","modified_gmt":"2025-03-31T14:39:04","slug":"apartments","status":"publish","type":"page","link":"https:\/\/budapestharmonyapartments.com\/hu\/apartments\/","title":{"rendered":"Apartmanok"},"content":{"rendered":"<p>[vc_row rt_row_background_width=&#8221;fullwidth&#8221; rt_row_content_width=&#8221;default&#8221; rt_row_style=&#8221;alt-style-1&#8243; rt_row_height=&#8221;min_height&#8221; rt_holder_placement=&#8221;middle&#8221; rt_column_placement=&#8221;middle&#8221; rt_row_borders=&#8221;&#8221; rt_row_shadows=&#8221;&#8221; rt_column_gaps=&#8221;&#8221; rt_row_paddings=&#8221;true&#8221; rt_bg_effect=&#8221;shape&#8221; rt_bg_shape=&#8221;cross-left&#8221; rt_bg_custom_alignment=&#8221;bottom&#8221; rt_transparent_bg=&#8221;&#8221; rt_bg_image_repeat=&#8221;repeat&#8221; rt_bg_size=&#8221;cover&#8221; rt_bg_position=&#8221;right top&#8221; rt_bg_video_format=&#8221;self-hosted&#8221; rt_padding_top=&#8221;100&#8243; rt_padding_bottom=&#8221;120&#8243; rt_bg_shape_color=&#8221;#ffffff&#8221; rt_padding_right=&#8221;20&#8243; rt_bg_image=&#8221;3872&#8243; rt_min_row_height=&#8221;800&#8243;][vc_column width=&#8221;1\/2&#8243; rt_col_paddings=&#8221;true&#8221; rt_wrp_col_paddings=&#8221;false&#8221; rt_column_shadow=&#8221;&#8221; rt_border_top=&#8221;&#8221; rt_border_bottom=&#8221;&#8221; rt_border_left=&#8221;&#8221; rt_border_right=&#8221;&#8221; rt_border_top_mobile=&#8221;&#8221; rt_border_bottom_mobile=&#8221;&#8221; rt_border_left_mobile=&#8221;&#8221; rt_border_right_mobile=&#8221;&#8221; rt_bg_image_repeat=&#8221;repeat&#8221; rt_bg_size=&#8221;auto auto&#8221; rt_bg_position=&#8221;right top&#8221; rt_bg_attachment=&#8221;scroll&#8221; rt_bg_color=&#8221;&#8221; rt_bg_overlay_color=&#8221;&#8221;]<div class=\"rt_heading_wrapper no-style\">\n\t\t\t\t\t\t<h1 class=\"rt_heading  no-style\"  style=\"font-size:48px;color:#000000;\"><\/h1> \n\t\t\t\t\t<\/div>[vc_column_text css=&#8221;&#8221;][\/vc_column_text][vc_empty_space height=&#8221;100px&#8221;][\/vc_column][\/vc_row][vc_row rt_row_background_width=&#8221;fullwidth&#8221; rt_row_content_width=&#8221;default&#8221; rt_row_style=&#8221;default-style&#8221; rt_row_height=&#8221;&#8221; rt_row_borders=&#8221;&#8221; rt_row_shadows=&#8221;&#8221; rt_column_gaps=&#8221;&#8221; rt_row_paddings=&#8221;false&#8221; rt_bg_effect=&#8221;classic&#8221; rt_transparent_bg=&#8221;&#8221; rt_bg_image_repeat=&#8221;repeat&#8221; rt_bg_size=&#8221;cover&#8221; rt_bg_position=&#8221;right top&#8221; rt_bg_attachment=&#8221;scroll&#8221; rt_bg_video_format=&#8221;self-hosted&#8221; rt_content_margin_top=&#8221;-50px&#8221;][vc_column rt_col_paddings=&#8221;true&#8221; rt_wrp_col_paddings=&#8221;false&#8221; rt_column_shadow=&#8221;&#8221; rt_border_top=&#8221;&#8221; rt_border_bottom=&#8221;&#8221; rt_border_left=&#8221;&#8221; rt_border_right=&#8221;&#8221; rt_border_top_mobile=&#8221;&#8221; rt_border_bottom_mobile=&#8221;&#8221; rt_border_left_mobile=&#8221;&#8221; rt_border_right_mobile=&#8221;&#8221; rt_bg_image_repeat=&#8221;repeat&#8221; rt_bg_size=&#8221;auto auto&#8221; rt_bg_position=&#8221;right top&#8221; rt_bg_attachment=&#8221;scroll&#8221; rt_bg_color=&#8221;&#8221; rt_bg_overlay_color=&#8221;&#8221;]\n<div id=\"rooms-dynamicID-766483\" class=\"rooms-holder clearfix  classic-layout\">\n<div class=\"row clearfix\">\n<div class=\"col col-sm-12 \">\n\n<div class=\"room-info-wrapper\">\n\n\t\t\t<!-- room image -->\n\t\t<div class=\"room-image\"> \n\n\t\t\t\n\t\t\t<a href=\"https:\/\/budapestharmonyapartments.com\/hu\/apartment-details\/ket-haloszobas-apartman\/\" title=\"K\u00e9t H\u00e1l\u00f3szob\u00e1s Apartman\" rel=\"bookmark\">\n\t\t\t\t<img decoding=\"async\" src=\"https:\/\/budapestharmonyapartments.com\/wp-content\/uploads\/2026\/04\/3emelet2_7-960x600.jpg\" alt=\"3emelet2_7\" \/>\n\t\t\t<\/a> \n\t\t\t\n\t\t\t\n\t\t<\/div><!--\/ end .room-image -->\n\t\n\t<!-- room info -->\n\t<div class=\"room-info\">\n\n\t\t\t\t \n\t\t\t<!-- title-->\n\t\t\t<h5 class=\"room-title\"><a href=\"https:\/\/budapestharmonyapartments.com\/hu\/apartment-details\/ket-haloszobas-apartman\/\" title=\"K\u00e9t H\u00e1l\u00f3szob\u00e1s Apartman\" rel=\"bookmark\">K\u00e9t H\u00e1l\u00f3szob\u00e1s Apartman<\/a><\/h5> \n\t\t\t<div class=\"rt_divider style-2\"><\/div>\n\n\t\t\t<!-- text-->\n\t\t\t\n\t\t\t<!-- key features -->\n\t\t\t<div class=\"key-features\"><ul><li>Ter\u00fclet : 60 m\u00b2 \u2015 2 H\u00e1l\u00f3szoba<\/li><\/ul><\/div>\t\t\t\n\n\t\t\t<!-- button -->\n\t\t\t\t\t\n\t\t\t\n\n\t\t \t\n\t<\/div><!--\/ end .room-info -->\n\n<\/div><!--\/ end .room-info-wrapper --><\/div>\n<\/div>\n<div class=\"row clearfix\">\n<div class=\"col col-sm-12 \">\n\n<div class=\"room-info-wrapper\">\n\n\t\t\t<!-- room image -->\n\t\t<div class=\"room-image\"> \n\n\t\t\t\n\t\t\t<a href=\"https:\/\/budapestharmonyapartments.com\/hu\/apartment-details\/penthouse-deluxe-apartment\/\" title=\"Penthouse Deluxe Apartman\" rel=\"bookmark\">\n\t\t\t\t<img decoding=\"async\" src=\"https:\/\/budapestharmonyapartments.com\/wp-content\/uploads\/2025\/03\/x3-12-960x600.jpg\" alt=\"x3-12\" \/>\n\t\t\t<\/a> \n\t\t\t\n\t\t\t\n\t\t<\/div><!--\/ end .room-image -->\n\t\n\t<!-- room info -->\n\t<div class=\"room-info\">\n\n\t\t\t\t \n\t\t\t<!-- title-->\n\t\t\t<h5 class=\"room-title\"><a href=\"https:\/\/budapestharmonyapartments.com\/hu\/apartment-details\/penthouse-deluxe-apartment\/\" title=\"Penthouse Deluxe Apartman\" rel=\"bookmark\">Penthouse Deluxe Apartman<\/a><\/h5> \n\t\t\t<div class=\"rt_divider style-2\"><\/div>\n\n\t\t\t<!-- text-->\n\t\t\t\n\t\t\t<!-- key features -->\n\t\t\t<div class=\"key-features\"><ul><li>Ter\u00fclet : 200+ m\u00b2 \u2015 4 H\u00e1l\u00f3szoba<\/li><\/ul><\/div>\t\t\t\n\n\t\t\t<!-- button -->\n\t\t\t\t\t\n\t\t\t\n\n\t\t \t\n\t<\/div><!--\/ end .room-info -->\n\n<\/div><!--\/ end .room-info-wrapper --><\/div>\n<\/div>\n<div class=\"row clearfix\">\n<div class=\"col col-sm-12 \">\n\n<div class=\"room-info-wrapper\">\n\n\t\t\t<!-- room image -->\n\t\t<div class=\"room-image\"> \n\n\t\t\t\n\t\t\t<a href=\"https:\/\/budapestharmonyapartments.com\/hu\/apartment-details\/harmony-2-bedroom-apartment\/\" title=\"2 H\u00e1l\u00f3szob\u00e1s Apartman Terasszal\" rel=\"bookmark\">\n\t\t\t\t<img decoding=\"async\" src=\"https:\/\/budapestharmonyapartments.com\/wp-content\/uploads\/2025\/03\/x2-6-960x600.jpg\" alt=\"x2-6\" \/>\n\t\t\t<\/a> \n\t\t\t\n\t\t\t\n\t\t<\/div><!--\/ end .room-image -->\n\t\n\t<!-- room info -->\n\t<div class=\"room-info\">\n\n\t\t\t\t \n\t\t\t<!-- title-->\n\t\t\t<h5 class=\"room-title\"><a href=\"https:\/\/budapestharmonyapartments.com\/hu\/apartment-details\/harmony-2-bedroom-apartment\/\" title=\"2 H\u00e1l\u00f3szob\u00e1s Apartman Terasszal\" rel=\"bookmark\">2 H\u00e1l\u00f3szob\u00e1s Apartman Terasszal<\/a><\/h5> \n\t\t\t<div class=\"rt_divider style-2\"><\/div>\n\n\t\t\t<!-- text-->\n\t\t\t\n\t\t\t<!-- key features -->\n\t\t\t<div class=\"key-features\"><ul><li>Ter\u00fclet : 75 m\u00b2 \u2015 2 H\u00e1l\u00f3szoba<\/li><\/ul><\/div>\t\t\t\n\n\t\t\t<!-- button -->\n\t\t\t\t\t\n\t\t\t\n\n\t\t \t\n\t<\/div><!--\/ end .room-info -->\n\n<\/div><!--\/ end .room-info-wrapper --><\/div>\n<\/div>\n<div class=\"row clearfix\">\n<div class=\"col col-sm-12 \">\n\n<div class=\"room-info-wrapper\">\n\n\t\t\t<!-- room image -->\n\t\t<div class=\"room-image\"> \n\n\t\t\t\n\t\t\t<a href=\"https:\/\/budapestharmonyapartments.com\/hu\/apartment-details\/superior-3-bedroom\/\" title=\"Superior 3 H\u00e1l\u00f3szob\u00e1s Apartman\" rel=\"bookmark\">\n\t\t\t\t<img decoding=\"async\" src=\"https:\/\/budapestharmonyapartments.com\/wp-content\/uploads\/2025\/03\/BT_20240326_LisztFerenc_ter_262-HDR-960x600.jpg\" alt=\"BT_20240326_LisztFerenc_ter_262-HDR\" \/>\n\t\t\t<\/a> \n\t\t\t\n\t\t\t\n\t\t<\/div><!--\/ end .room-image -->\n\t\n\t<!-- room info -->\n\t<div class=\"room-info\">\n\n\t\t\t\t \n\t\t\t<!-- title-->\n\t\t\t<h5 class=\"room-title\"><a href=\"https:\/\/budapestharmonyapartments.com\/hu\/apartment-details\/superior-3-bedroom\/\" title=\"Superior 3 H\u00e1l\u00f3szob\u00e1s Apartman\" rel=\"bookmark\">Superior 3 H\u00e1l\u00f3szob\u00e1s Apartman<\/a><\/h5> \n\t\t\t<div class=\"rt_divider style-2\"><\/div>\n\n\t\t\t<!-- text-->\n\t\t\t\n\t\t\t<!-- key features -->\n\t\t\t<div class=\"key-features\"><ul><li>Ter\u00fclet : 125 m\u00b2 \u2015 3 H\u00e1l\u00f3szoba<\/li><\/ul><\/div>\t\t\t\n\n\t\t\t<!-- button -->\n\t\t\t\t\t\n\t\t\t\n\n\t\t \t\n\t<\/div><!--\/ end .room-info -->\n\n<\/div><!--\/ end .room-info-wrapper --><\/div>\n<\/div>\n<div class=\"row clearfix\">\n<div class=\"col col-sm-12 \">\n\n<div class=\"room-info-wrapper\">\n\n\t\t\t<!-- room image -->\n\t\t<div class=\"room-image\"> \n\n\t\t\t\n\t\t\t<a href=\"https:\/\/budapestharmonyapartments.com\/hu\/apartment-details\/harmony-penthouse-diamond-apartment\/\" title=\"Penthouse Diamond Apartman\" rel=\"bookmark\">\n\t\t\t\t<img decoding=\"async\" src=\"https:\/\/budapestharmonyapartments.com\/wp-content\/uploads\/2025\/03\/x4-15-960x600.jpg\" alt=\"x4-15\" \/>\n\t\t\t<\/a> \n\t\t\t\n\t\t\t\n\t\t<\/div><!--\/ end .room-image -->\n\t\n\t<!-- room info -->\n\t<div class=\"room-info\">\n\n\t\t\t\t \n\t\t\t<!-- title-->\n\t\t\t<h5 class=\"room-title\"><a href=\"https:\/\/budapestharmonyapartments.com\/hu\/apartment-details\/harmony-penthouse-diamond-apartment\/\" title=\"Penthouse Diamond Apartman\" rel=\"bookmark\">Penthouse Diamond Apartman<\/a><\/h5> \n\t\t\t<div class=\"rt_divider style-2\"><\/div>\n\n\t\t\t<!-- text-->\n\t\t\t\n\t\t\t<!-- key features -->\n\t\t\t<div class=\"key-features\"><ul><li>Ter\u00fclet : 300+ m\u00b2 \u2015 6 H\u00e1l\u00f3szoba<\/li><\/ul><\/div>\t\t\t\n\n\t\t\t<!-- button -->\n\t\t\t\t\t\n\t\t\t\n\n\t\t \t\n\t<\/div><!--\/ end .room-info -->\n\n<\/div><!--\/ end .room-info-wrapper --><\/div>\n<\/div>\n<div class=\"row clearfix\">\n<div class=\"col col-sm-12 \">\n\n<div class=\"room-info-wrapper\">\n\n\t\t\t<!-- room image -->\n\t\t<div class=\"room-image\"> \n\n\t\t\t\n\t\t\t<a href=\"https:\/\/budapestharmonyapartments.com\/hu\/apartment-details\/deluxe-apartment\/\" title=\"Deluxe Apartman\" rel=\"bookmark\">\n\t\t\t\t<img decoding=\"async\" src=\"https:\/\/budapestharmonyapartments.com\/wp-content\/uploads\/2025\/03\/1emelet8-960x600.jpg\" alt=\"1emelet8\" \/>\n\t\t\t<\/a> \n\t\t\t\n\t\t\t\n\t\t<\/div><!--\/ end .room-image -->\n\t\n\t<!-- room info -->\n\t<div class=\"room-info\">\n\n\t\t\t\t \n\t\t\t<!-- title-->\n\t\t\t<h5 class=\"room-title\"><a href=\"https:\/\/budapestharmonyapartments.com\/hu\/apartment-details\/deluxe-apartment\/\" title=\"Deluxe Apartman\" rel=\"bookmark\">Deluxe Apartman<\/a><\/h5> \n\t\t\t<div class=\"rt_divider style-2\"><\/div>\n\n\t\t\t<!-- text-->\n\t\t\t\n\t\t\t<!-- key features -->\n\t\t\t<div class=\"key-features\"><ul><li>Ter\u00fclet : 65 m\u00b2 \u2015 2 H\u00e1l\u00f3szoba<\/li><\/ul><\/div>\t\t\t\n\n\t\t\t<!-- button -->\n\t\t\t\t\t\n\t\t\t\n\n\t\t \t\n\t<\/div><!--\/ end .room-info -->\n\n<\/div><!--\/ end .room-info-wrapper --><\/div>\n<\/div>\n<\/div>\n[\/vc_column][\/vc_row]<\/p>\n","protected":false},"excerpt":{"rendered":"<p>[vc_row rt_row_background_width=&#8221;fullwidth&#8221; rt_row_content_width=&#8221;default&#8221; rt_row_style=&#8221;alt-style-1&#8243; rt_row_height=&#8221;min_height&#8221; rt_holder_placement=&#8221;middle&#8221; rt_column_placement=&#8221;middle&#8221; rt_row_borders=&#8221;&#8221; rt_row_shadows=&#8221;&#8221; rt_column_gaps=&#8221;&#8221; rt_row_paddings=&#8221;true&#8221; rt_bg_effect=&#8221;shape&#8221; rt_bg_shape=&#8221;cross-left&#8221; rt_bg_custom_alignment=&#8221;bottom&#8221; rt_transparent_bg=&#8221;&#8221; rt_bg_image_repeat=&#8221;repeat&#8221; rt_bg_size=&#8221;cover&#8221; rt_bg_position=&#8221;right top&#8221; rt_bg_video_format=&#8221;self-hosted&#8221; rt_padding_top=&#8221;100&#8243; rt_padding_bottom=&#8221;120&#8243; rt_bg_shape_color=&#8221;#ffffff&#8221; rt_padding_right=&#8221;20&#8243; rt_bg_image=&#8221;3872&#8243; rt_min_row_height=&#8221;800&#8243;][vc_column width=&#8221;1\/2&#8243; rt_col_paddings=&#8221;true&#8221; rt_wrp_col_paddings=&#8221;false&#8221; rt_column_shadow=&#8221;&#8221; rt_border_top=&#8221;&#8221; rt_border_bottom=&#8221;&#8221; rt_border_left=&#8221;&#8221; rt_border_right=&#8221;&#8221; rt_border_top_mobile=&#8221;&#8221; rt_border_bottom_mobile=&#8221;&#8221; rt_border_left_mobile=&#8221;&#8221; rt_border_right_mobile=&#8221;&#8221; rt_bg_image_repeat=&#8221;repeat&#8221; rt_bg_size=&#8221;auto auto&#8221; rt_bg_position=&#8221;right top&#8221; rt_bg_attachment=&#8221;scroll&#8221; rt_bg_color=&#8221;&#8221; rt_bg_overlay_color=&#8221;&#8221;][vc_column_text css=&#8221;&#8221;][\/vc_column_text][vc_empty_space height=&#8221;100px&#8221;][\/vc_column][\/vc_row][vc_row rt_row_background_width=&#8221;fullwidth&#8221; rt_row_content_width=&#8221;default&#8221; rt_row_style=&#8221;default-style&#8221; rt_row_height=&#8221;&#8221; rt_row_borders=&#8221;&#8221; rt_row_shadows=&#8221;&#8221; rt_column_gaps=&#8221;&#8221; &#8230; <a class=\"more-link\" href=\"https:\/\/budapestharmonyapartments.com\/hu\/apartment-details\/deluxe-apartment\/\">Continue reading<\/a><\/p>\n","protected":false},"author":1,"featured_media":0,"parent":0,"menu_order":0,"comment_status":"closed","ping_status":"closed","template":"","meta":{"footnotes":""},"class_list":["post-3292","page","type-page","status-publish","hentry"],"_links":{"self":[{"href":"https:\/\/budapestharmonyapartments.com\/hu\/wp-json\/wp\/v2\/pages\/3292","targetHints":{"allow":["GET"]}}],"collection":[{"href":"https:\/\/budapestharmonyapartments.com\/hu\/wp-json\/wp\/v2\/pages"}],"about":[{"href":"https:\/\/budapestharmonyapartments.com\/hu\/wp-json\/wp\/v2\/types\/page"}],"author":[{"embeddable":true,"href":"https:\/\/budapestharmonyapartments.com\/hu\/wp-json\/wp\/v2\/users\/1"}],"replies":[{"embeddable":true,"href":"https:\/\/budapestharmonyapartments.com\/hu\/wp-json\/wp\/v2\/comments?post=3292"}],"version-history":[{"count":13,"href":"https:\/\/budapestharmonyapartments.com\/hu\/wp-json\/wp\/v2\/pages\/3292\/revisions"}],"predecessor-version":[{"id":3878,"href":"https:\/\/budapestharmonyapartments.com\/hu\/wp-json\/wp\/v2\/pages\/3292\/revisions\/3878"}],"wp:attachment":[{"href":"https:\/\/budapestharmonyapartments.com\/hu\/wp-json\/wp\/v2\/media?parent=3292"}],"curies":[{"name":"wp","href":"https:\/\/api.w.org\/{rel}","templated":true}]}}