{"id":3360,"date":"2016-06-14T03:00:45","date_gmt":"2016-06-14T03:00:45","guid":{"rendered":"https:\/\/bha.gyszinetar.hu\/home-page-2\/"},"modified":"2025-03-22T21:08:55","modified_gmt":"2025-03-22T21:08:55","slug":"home-page-2","status":"publish","type":"page","link":"https:\/\/budapestharmonyapartments.com\/hu\/","title":{"rendered":"Home"},"content":{"rendered":"<p>[vc_row rt_row_background_width=&#8221;fullwidth&#8221; rt_row_content_width=&#8221;fullwidth&#8221; rt_row_style=&#8221;default-style&#8221; rt_row_height=&#8221;&#8221; rt_row_borders=&#8221;&#8221; rt_row_shadows=&#8221;&#8221; rt_column_gaps=&#8221;&#8221; rt_row_paddings=&#8221;false&#8221; rt_bg_effect=&#8221;classic&#8221; rt_transparent_bg=&#8221;&#8221; rt_bg_image_repeat=&#8221;repeat&#8221; rt_bg_size=&#8221;cover&#8221; rt_bg_position=&#8221;right top&#8221; rt_bg_attachment=&#8221;scroll&#8221; rt_bg_video_format=&#8221;self-hosted&#8221;][vc_column rt_col_paddings=&#8221;true&#8221; rt_wrp_col_paddings=&#8221;false&#8221; rt_column_shadow=&#8221;&#8221; rt_border_top=&#8221;&#8221; rt_border_bottom=&#8221;&#8221; rt_border_left=&#8221;&#8221; rt_border_right=&#8221;&#8221; rt_border_top_mobile=&#8221;&#8221; rt_border_bottom_mobile=&#8221;&#8221; rt_border_left_mobile=&#8221;&#8221; rt_border_right_mobile=&#8221;&#8221; rt_bg_image_repeat=&#8221;repeat&#8221; rt_bg_size=&#8221;auto auto&#8221; rt_bg_position=&#8221;right top&#8221; rt_bg_attachment=&#8221;scroll&#8221; rt_bg_color=&#8221;&#8221; rt_bg_overlay_color=&#8221;&#8221; rt_padding_top=&#8221;0&#8243; rt_padding_bottom=&#8221;40&#8243; rt_padding_left=&#8221;0&#8243; rt_padding_right=&#8221;0&#8243;]\n\t\t\t\t<p class=\"rs-p-wp-fix\"><\/p>\n\t\t\t\t<sr7-module data-alias=\"nixe-sample-slider\" data-id=\"2\" id=\"SR7_2_1\" class=\"rs-ov-hidden\" data-version=\"6.7.28\">\n\t\t\t\t\t<sr7-adjuster><\/sr7-adjuster>\n\t\t\t\t\t<sr7-content>\n\t\t\t\t\t\t<sr7-slide id=\"SR7_2_1-3\" data-key=\"3\">\n\t\t\t\t\t\t\t<sr7-bg id=\"SR7_2_1-3-4\" class=\"sr7-layer\"><noscript><img decoding=\"async\" src=\"https:\/\/budapestharmonyapartments.com\/wp-content\/uploads\/2025\/03\/Depositphotos_339833466_XL-scaled.jpg\" alt=\"\" title=\"Depositphotos_339833466_XL\"><\/noscript><\/sr7-bg>\n\t\t\t\t\t\t\t<sr7-txt id=\"SR7_2_1-3-3\" class=\"sr7-layer\">Budapest<\/sr7-txt>\n\t\t\t\t\t\t<\/sr7-slide>\n\t\t\t\t\t\t<sr7-slide id=\"SR7_2_1-4\" data-key=\"4\">\n\t\t\t\t\t\t\t<sr7-bg id=\"SR7_2_1-4-3\" class=\"sr7-layer\"><noscript><img decoding=\"async\" src=\"https:\/\/budapestharmonyapartments.com\/wp-content\/uploads\/2025\/03\/x4-25.jpg\" alt=\"\" title=\"x4-25\"><\/noscript><\/sr7-bg>\n\t\t\t\t\t\t\t<sr7-txt id=\"SR7_2_1-4-2\" class=\"sr7-layer\">Harmony\n<\/sr7-txt>\n\t\t\t\t\t\t<\/sr7-slide>\n\t\t\t\t\t\t<sr7-slide id=\"SR7_2_1-5\" data-key=\"5\">\n\t\t\t\t\t\t\t<sr7-bg id=\"SR7_2_1-5-3\" class=\"sr7-layer\"><noscript><img decoding=\"async\" src=\"https:\/\/budapestharmonyapartments.com\/wp-content\/uploads\/2025\/03\/x4-15.jpg\" alt=\"\" title=\"x4-15\"><\/noscript><\/sr7-bg>\n\t\t\t\t\t\t\t<sr7-txt id=\"SR7_2_1-5-2\" class=\"sr7-layer\">Apartments\n<\/sr7-txt>\n\t\t\t\t\t\t<\/sr7-slide>\n\t\t\t\t\t\t<sr7-slide id=\"SR7_2_1-6\" data-key=\"6\">\n\t\t\t\t\t\t<\/sr7-slide>\n\t\t\t\t\t<\/sr7-content>\n\t\t\t\t\t<image_lists style=\"display:none\">\n\t\t\t\t\t\t<img data-src=\"\/\/budapestharmonyapartments.com\/wp-content\/uploads\/2025\/03\/Depositphotos_339833466_XL-scaled.jpg\" data-libid=\"3731\" data-lib=\"medialibrary\" title=\"Depositphotos_339833466_XL\" width=\"0\" height=\"0\" data-dbsrc=\"Ly9idWRhcGVzdGhhcm1vbnlhcGFydG1lbnRzLmNvbS93cC1jb250ZW50L3VwbG9hZHMvMjAyNS8wMy9EZXBvc2l0cGhvdG9zXzMzOTgzMzQ2Nl9YTC1zY2FsZWQuanBn\"\/>\n\t\t\t\t\t\t<img data-src=\"\/\/budapestharmonyapartments.com\/wp-content\/uploads\/2025\/03\/x4-25.jpg\" data-libid=\"3567\" data-lib=\"medialibrary\" title=\"x4-25\" width=\"0\" height=\"0\" data-dbsrc=\"Ly9idWRhcGVzdGhhcm1vbnlhcGFydG1lbnRzLmNvbS93cC1jb250ZW50L3VwbG9hZHMvMjAyNS8wMy94NC0yNS5qcGc=\"\/>\n\t\t\t\t\t\t<img data-src=\"\/\/budapestharmonyapartments.com\/wp-content\/uploads\/2025\/03\/x4-15.jpg\" data-libid=\"3527\" data-lib=\"medialibrary\" title=\"x4-15\" width=\"0\" height=\"0\" data-dbsrc=\"Ly9idWRhcGVzdGhhcm1vbnlhcGFydG1lbnRzLmNvbS93cC1jb250ZW50L3VwbG9hZHMvMjAyNS8wMy94NC0xNS5qcGc=\"\/>\n\t\t\t\t\t<\/image_lists>\n\t\t\t\t<\/sr7-module>\n\t\t\t\t<script>\n\t\t\t\t\tSR7.PMH ??={}; SR7.PMH[\"SR7_2_1\"] = {cn:100,state:false,fn: function() { if (_tpt!==undefined && _tpt.prepareModuleHeight !== undefined) {  _tpt.prepareModuleHeight({id:\"SR7_2_1\",el:[868,868,868,960,720],type:'standard',shdw:'0',gh:[868,868,868,960,720],gw:[1080,1080,1080,778,480],vpt:['-100px&#039;,&#039;-100px&#039;,&#039;-100px&#039;,&#039;-100px&#039;,&#039;-100px'],size:{fullWidth:true, fullHeight:true},fho:'#wpadminbar, body:not(.overlapped-header) .top-header,60px',mh:'350',onh:0,onw:0,bg:{color:'{\"orig\":\"transparent\",\"type\":\"solid\",\"string\":\"transparent\"}'},plType:'2',plColor:'#FFFFFF'});   SR7.PMH[\"SR7_2_1\"].state=true;} else if(SR7.PMH[\"SR7_2_1\"].cn-->0)\tsetTimeout( SR7.PMH[\"SR7_2_1\"].fn,19);}};SR7.PMH[\"SR7_2_1\" ].fn();\n\t\t\t\t<\/script>\n[\/vc_column][\/vc_row][vc_row rt_row_background_width=&#8221;fullwidth&#8221; rt_row_content_width=&#8221;default&#8221; rt_row_style=&#8221;default-style&#8221; rt_row_height=&#8221;&#8221; rt_row_borders=&#8221;&#8221; rt_row_shadows=&#8221;&#8221; rt_column_view=&#8221;equal_heights&#8221; rt_column_gaps=&#8221;&#8221; rt_row_paddings=&#8221;false&#8221; rt_bg_effect=&#8221;classic&#8221; rt_transparent_bg=&#8221;&#8221; rt_bg_image_repeat=&#8221;repeat&#8221; rt_bg_size=&#8221;cover&#8221; rt_bg_position=&#8221;right top&#8221; rt_bg_attachment=&#8221;scroll&#8221; rt_bg_video_format=&#8221;self-hosted&#8221; rt_bg_color=&#8221;#FFFFFF&#8221;][vc_column rt_color_set=&#8221;alt-style-1&#8243; rt_col_paddings=&#8221;true&#8221; rt_wrp_col_paddings=&#8221;false&#8221; rt_column_shadow=&#8221;&#8221; rt_border_top=&#8221;&#8221; rt_border_bottom=&#8221;&#8221; rt_border_left=&#8221;&#8221; rt_border_right=&#8221;&#8221; rt_border_top_mobile=&#8221;&#8221; rt_border_bottom_mobile=&#8221;&#8221; rt_border_left_mobile=&#8221;&#8221; rt_border_right_mobile=&#8221;&#8221; stretch_background=&#8221;yes&#8221; rt_bg_image_repeat=&#8221;repeat&#8221; rt_bg_size=&#8221;auto auto&#8221; rt_bg_position=&#8221;right top&#8221; rt_bg_attachment=&#8221;scroll&#8221; rt_bg_color=&#8221;#44BBCC&#8221; rt_bg_overlay_color=&#8221;&#8221; rt_padding_top=&#8221;60&#8243; rt_padding_bottom=&#8221;60&#8243; offset=&#8221;vc_col-md-6&#8243;][vc_column_text css=&#8221;&#8221;]\u00dcdv\u00f6z\u00f6lj\u00fck a <strong>Budapest Harmony Apartments<\/strong>-ben! V\u00e1llalkoz\u00e1sunk 2015-ben indult azzal a c\u00e9llal, hogy vend\u00e9geinknek pr\u00e9mium sz\u00e1ll\u00e1s\u00e9lm\u00e9nyt ny\u00fajtsunk Budapest sz\u00edv\u00e9ben.<\/p>\n<p>B\u00fcszk\u00e9k vagyunk r\u00e1, hogy a <strong>Booking.com<\/strong> oldal\u00e1n <strong>2025-ben 9.5\/10-es<\/strong> \u00e9rt\u00e9kel\u00e9st kaptunk, ami visszat\u00fckr\u00f6zi vend\u00e9geink el\u00e9gedetts\u00e9g\u00e9t.<\/p>\n<p>Portf\u00f3li\u00f3nk <strong>\u00f6t k\u00fcl\u00f6nb\u00f6z\u0151 m\u00e9ret\u0171 apartmant foglal mag\u00e1ban, melyb\u0151l kett\u0151 luxus penthouse<\/strong>, ut\u00f3bbiakban jakuzzi \u00e9s szauna is rendelkez\u00e9sre \u00e1ll. Minden apartman <strong>l\u00e9gkondicion\u00e1lt, s\u00edkk\u00e9perny\u0151s TV-vel \u00e9s ingyenes WIFI-vel felszerelt<\/strong>, hogy a vend\u00e9geink maxim\u00e1lis k\u00e9nyelm\u00e9t biztos\u00edtsuk. Ig\u00e9ny eset\u00e9n <strong>rept\u00e9ri transzfert szervez\u00fcnk<\/strong>, \u00e9s sz\u00edvesen seg\u00edt\u00fcnk <strong>Budapesti \u00e9s vid\u00e9ki programok megszervez\u00e9s\u00e9ben<\/strong> is.<\/p>\n<p>\u00c9lvezze a f\u0151v\u00e1ros vibr\u00e1l\u00f3 atmoszf\u00e9r\u00e1j\u00e1t, \u00e9s pihenjen egyed\u00fcl\u00e1ll\u00f3 luxusk\u00f6rnyezetben! V\u00e1rjuk szeretettel![\/vc_column_text][\/vc_column][vc_column rt_col_paddings=&#8221;true&#8221; rt_wrp_col_paddings=&#8221;false&#8221; rt_column_shadow=&#8221;&#8221; rt_border_top=&#8221;&#8221; rt_border_bottom=&#8221;&#8221; rt_border_left=&#8221;&#8221; rt_border_right=&#8221;&#8221; rt_border_top_mobile=&#8221;&#8221; rt_border_bottom_mobile=&#8221;&#8221; rt_border_left_mobile=&#8221;&#8221; rt_border_right_mobile=&#8221;&#8221; stretch_background=&#8221;yes&#8221; rt_bg_image_repeat=&#8221;repeat&#8221; rt_bg_size=&#8221;auto auto&#8221; rt_bg_position=&#8221;right top&#8221; rt_bg_attachment=&#8221;scroll&#8221; force_content_width=&#8221;yes&#8221; rt_padding_top=&#8221;60&#8243; rt_padding_bottom=&#8221;60&#8243; rt_bg_color=&#8221;#FFFFFF&#8221; rt_bg_overlay_color=&#8221;&#8221; offset=&#8221;vc_col-md-6&#8243;][vc_images_carousel images=&#8221;3658,3626,3562,3502,3514,3924,3932,3920&#8243; img_size=&#8221;full&#8221; onclick=&#8221;link_no&#8221; speed=&#8221;3000&#8243; autoplay=&#8221;yes&#8221; hide_pagination_control=&#8221;yes&#8221; hide_prev_next_buttons=&#8221;yes&#8221; wrap=&#8221;yes&#8221; css=&#8221;&#8221;][\/vc_column][\/vc_row][vc_row rt_row_background_width=&#8221;fullwidth&#8221; rt_row_content_width=&#8221;default&#8221; rt_row_style=&#8221;default-style&#8221; rt_row_height=&#8221;&#8221; rt_row_borders=&#8221;&#8221; rt_row_shadows=&#8221;&#8221; rt_column_view=&#8221;equal_heights&#8221; rt_column_gaps=&#8221;&#8221; rt_row_paddings=&#8221;false&#8221; rt_bg_effect=&#8221;classic&#8221; rt_transparent_bg=&#8221;&#8221; rt_bg_image_repeat=&#8221;repeat&#8221; rt_bg_size=&#8221;cover&#8221; rt_bg_position=&#8221;right top&#8221; rt_bg_attachment=&#8221;scroll&#8221; rt_bg_video_format=&#8221;self-hosted&#8221; rt_bg_color=&#8221;#FFFFFF&#8221; class=&#8221;reverse-columns-mobile&#8221;][vc_column rt_col_paddings=&#8221;true&#8221; rt_wrp_col_paddings=&#8221;false&#8221; rt_column_shadow=&#8221;&#8221; rt_border_top=&#8221;&#8221; rt_border_bottom=&#8221;&#8221; rt_border_left=&#8221;&#8221; rt_border_right=&#8221;&#8221; rt_border_top_mobile=&#8221;&#8221; rt_border_bottom_mobile=&#8221;&#8221; rt_border_left_mobile=&#8221;&#8221; rt_border_right_mobile=&#8221;&#8221; rt_bg_image_repeat=&#8221;repeat&#8221; rt_bg_size=&#8221;auto auto&#8221; rt_bg_position=&#8221;right top&#8221; rt_bg_attachment=&#8221;scroll&#8221; rt_bg_color=&#8221;&#8221; rt_bg_overlay_color=&#8221;&#8221; rt_padding_top=&#8221;60&#8243; rt_padding_bottom=&#8221;60&#8243; offset=&#8221;vc_col-md-6&#8243;][vc_single_image image=&#8221;3559&#8243; img_size=&#8221;full&#8221; alignment=&#8221;center&#8221; css=&#8221;&#8221;][\/vc_column][vc_column rt_color_set=&#8221;alt-style-1&#8243; rt_col_paddings=&#8221;true&#8221; rt_wrp_col_paddings=&#8221;false&#8221; rt_column_shadow=&#8221;&#8221; rt_border_top=&#8221;&#8221; rt_border_bottom=&#8221;&#8221; rt_border_left=&#8221;&#8221; rt_border_right=&#8221;&#8221; rt_border_top_mobile=&#8221;&#8221; rt_border_bottom_mobile=&#8221;&#8221; rt_border_left_mobile=&#8221;&#8221; rt_border_right_mobile=&#8221;&#8221; stretch_background=&#8221;yes&#8221; rt_bg_image_repeat=&#8221;repeat&#8221; rt_bg_size=&#8221;auto auto&#8221; rt_bg_position=&#8221;right top&#8221; rt_bg_attachment=&#8221;scroll&#8221; force_content_width=&#8221;yes&#8221; rt_padding_top=&#8221;60&#8243; rt_padding_bottom=&#8221;60&#8243; rt_bg_color=&#8221;#44BBCC&#8221; rt_bg_overlay_color=&#8221;&#8221; offset=&#8221;vc_col-md-6&#8243;]<div class=\"rt_heading_wrapper no-style\">\n\t\t\t\t\t\t<h4 class=\"rt_heading  no-style\" >VEND\u00c9GK\u00d6NYV<\/h4> \n\t\t\t\t\t<\/div>[vc_separator style=&#8221;style-4&#8243; margin_top=&#8221;20&#8243; margin_bottom=&#8221;24&#8243;]\r\n\t\t\t\t<div id=\"testimonial-dynamicID-555564\" class=\"rt-carousel carousel-holder clearfix testimonial-carousel testimonials left rt_lightbox_gallery\" data-item-width=\"1\" data-nav=\"false\" data-dots=\"false\" data-margin=\"40\" data-autoplay=\"true\" data-timeout=\"4000\" data-thumbnails=\"false\" data-boxed=\"false\" data-min-height=\"\" data-padding=\"\" data-loop=\"false\" data-mobile-item-width=\"1\">\r\n\t\t\t\t\t<div class=\"owl-carousel\">\r\n\t\t\t\t\t\t<div><div class=\"testimonial item\">\n\n\n\n<div class=\"text \">\n\t\n\t<p><span class=\"icon-quote-left\"><\/span>Hat\u00e1rozottan visszat\u00e9rek ebbe a lak\u00e1sba, ha visszat\u00e9rek. Nagyon tiszta \u00e9s csod\u00e1latos hely, ahol l\u00e1tni lehet ezt a gy\u00f6ny\u00f6r\u0171 v\u00e1rost.<span class=\"icon-quote-right\"><\/span><\/p>\n\t\n\n\t<div class=\"client_info\">\n\n\t\t\tLesa \n\t\t- <span>Egyes\u00fclt Kir\u00e1lys\u00e1g<\/span>\t\t\n\t\t\t\t\t\n\t\t\n\n\t<\/div>\n<\/div><\/div>\n<\/div><div><div class=\"testimonial item\">\n\n\n\n<div class=\"text \">\n\t\n\t<p><span class=\"icon-quote-left\"><\/span>Tiszta, ig\u00e9nyes sz\u00e1ll\u00e1s, k\u00f6zel a belv\u00e1ros \u00e9s a t\u00f6megk\u00f6zleked\u00e9s<span class=\"icon-quote-right\"><\/span><\/p>\n\t\n\n\t<div class=\"client_info\">\n\n\t\t\tAdrien \n\t\t- <span>Sv\u00e1jc<\/span>\t\t\n\t\t\t\t\t\n\t\t\n\n\t<\/div>\n<\/div><\/div>\n<\/div><div><div class=\"testimonial item\">\n\n\n\n<div class=\"text \">\n\t\n\t<p><span class=\"icon-quote-left\"><\/span>T\u00f6k\u00e9letesen karbantartott \u00e9s j\u00f3l felszerelt, t\u00e1gas apartman frekvent\u00e1lt helyen.<span class=\"icon-quote-right\"><\/span><\/p>\n\t\n\n\t<div class=\"client_info\">\n\n\t\t\tAndr\u00e1s \n\t\t- <span>Hungary<\/span>\t\t\n\t\t\t\t\t\n\t\t\n\n\t<\/div>\n<\/div><\/div>\n<\/div><div><div class=\"testimonial item\">\n\n\n\n<div class=\"text \">\n\t\n\t<p><span class=\"icon-quote-left\"><\/span>Nagyszer\u0171 h\u00e1zigazda, bar\u00e1ts\u00e1gos, seg\u00edt\u0151k\u00e9sz. Sz\u00e9p, t\u00e1gas, tiszta apartmanok nagyszer\u0171, biztons\u00e1gos helyen, k\u00f6zel a v\u00e1rosk\u00f6zponthoz. T\u00f6k\u00e9letes&#8230;<span class=\"icon-quote-right\"><\/span><\/p>\n\t\n\n\t<div class=\"client_info\">\n\n\t\t\tL\u00e1szl\u00f3 \n\t\t- <span>Csehorsz\u00e1g<\/span>\t\t\n\t\t\t\t\t\n\t\t\n\n\t<\/div>\n<\/div><\/div>\n<\/div>\r\n\t\t\t\t\t<\/div>\r\n\t\t\t\t\t\r\n\t\t\t\t\t\r\n\t\t\t\t<\/div>\r\n\t\t\t[vc_empty_space height=&#8221;75px&#8221;]<div class=\"button_wrapper align hero\"><a  href=\"https:\/\/ibe.sabeeapp.com\/properties\/Budapest-Harmony-apartments-booking\/?p=bSp09a6264c0da71fe9\" target=\"_self\" title=\"Book\" class=\"button_  style-3 hero\"><span class=\"icon-line-calendar\"><\/span>FOGLAL\u00c1S<\/a><\/div>[\/vc_column][\/vc_row]<\/p>\n","protected":false},"excerpt":{"rendered":"<p>[vc_row rt_row_background_width=&#8221;fullwidth&#8221; rt_row_content_width=&#8221;fullwidth&#8221; rt_row_style=&#8221;default-style&#8221; rt_row_height=&#8221;&#8221; rt_row_borders=&#8221;&#8221; rt_row_shadows=&#8221;&#8221; rt_column_gaps=&#8221;&#8221; rt_row_paddings=&#8221;false&#8221; rt_bg_effect=&#8221;classic&#8221; rt_transparent_bg=&#8221;&#8221; rt_bg_image_repeat=&#8221;repeat&#8221; rt_bg_size=&#8221;cover&#8221; rt_bg_position=&#8221;right top&#8221; rt_bg_attachment=&#8221;scroll&#8221; rt_bg_video_format=&#8221;self-hosted&#8221;][vc_column rt_col_paddings=&#8221;true&#8221; rt_wrp_col_paddings=&#8221;false&#8221; rt_column_shadow=&#8221;&#8221; rt_border_top=&#8221;&#8221; rt_border_bottom=&#8221;&#8221; rt_border_left=&#8221;&#8221; rt_border_right=&#8221;&#8221; rt_border_top_mobile=&#8221;&#8221; rt_border_bottom_mobile=&#8221;&#8221; rt_border_left_mobile=&#8221;&#8221; rt_border_right_mobile=&#8221;&#8221; rt_bg_image_repeat=&#8221;repeat&#8221; rt_bg_size=&#8221;auto auto&#8221; rt_bg_position=&#8221;right top&#8221; rt_bg_attachment=&#8221;scroll&#8221; rt_bg_color=&#8221;&#8221; rt_bg_overlay_color=&#8221;&#8221; rt_padding_top=&#8221;0&#8243; rt_padding_bottom=&#8221;40&#8243; rt_padding_left=&#8221;0&#8243; rt_padding_right=&#8221;0&#8243;][\/vc_column][\/vc_row][vc_row rt_row_background_width=&#8221;fullwidth&#8221; rt_row_content_width=&#8221;default&#8221; rt_row_style=&#8221;default-style&#8221; rt_row_height=&#8221;&#8221; rt_row_borders=&#8221;&#8221; rt_row_shadows=&#8221;&#8221; rt_column_view=&#8221;equal_heights&#8221; rt_column_gaps=&#8221;&#8221; rt_row_paddings=&#8221;false&#8221; rt_bg_effect=&#8221;classic&#8221; rt_transparent_bg=&#8221;&#8221; rt_bg_image_repeat=&#8221;repeat&#8221; rt_bg_size=&#8221;cover&#8221; rt_bg_position=&#8221;right top&#8221; &#8230; <a class=\"more-link\" href=\"https:\/\/budapestharmonyapartments.com\/hu\/testimonial\/testimonial-3\/\">Continue reading<\/a><\/p>\n","protected":false},"author":1,"featured_media":0,"parent":0,"menu_order":0,"comment_status":"closed","ping_status":"closed","template":"","meta":{"footnotes":""},"class_list":["post-3360","page","type-page","status-publish","hentry"],"_links":{"self":[{"href":"https:\/\/budapestharmonyapartments.com\/hu\/wp-json\/wp\/v2\/pages\/3360","targetHints":{"allow":["GET"]}}],"collection":[{"href":"https:\/\/budapestharmonyapartments.com\/hu\/wp-json\/wp\/v2\/pages"}],"about":[{"href":"https:\/\/budapestharmonyapartments.com\/hu\/wp-json\/wp\/v2\/types\/page"}],"author":[{"embeddable":true,"href":"https:\/\/budapestharmonyapartments.com\/hu\/wp-json\/wp\/v2\/users\/1"}],"replies":[{"embeddable":true,"href":"https:\/\/budapestharmonyapartments.com\/hu\/wp-json\/wp\/v2\/comments?post=3360"}],"version-history":[{"count":13,"href":"https:\/\/budapestharmonyapartments.com\/hu\/wp-json\/wp\/v2\/pages\/3360\/revisions"}],"predecessor-version":[{"id":3984,"href":"https:\/\/budapestharmonyapartments.com\/hu\/wp-json\/wp\/v2\/pages\/3360\/revisions\/3984"}],"wp:attachment":[{"href":"https:\/\/budapestharmonyapartments.com\/hu\/wp-json\/wp\/v2\/media?parent=3360"}],"curies":[{"name":"wp","href":"https:\/\/api.w.org\/{rel}","templated":true}]}}